{"id":65,"date":"2022-09-14T15:23:34","date_gmt":"2022-09-14T18:23:34","guid":{"rendered":"https:\/\/catedracosgaya.com.ar\/tipoblog\/2022\/?page_id=65"},"modified":"2023-08-18T18:18:20","modified_gmt":"2023-08-18T21:18:20","slug":"tutorial","status":"publish","type":"page","link":"https:\/\/www.catedracosgaya.com.ar\/tipoblog\/2023\/tutorial\/","title":{"rendered":"Tutorial"},"content":{"rendered":"\n<figure class=\"wp-block-embed is-type-video is-provider-youtube wp-block-embed-youtube wp-embed-aspect-4-3 wp-has-aspect-ratio\"><div class=\"wp-block-embed__wrapper\">\n<iframe loading=\"lazy\" title=\"Tipoblog - Edicio\u0301n 2023\" width=\"580\" height=\"435\" src=\"https:\/\/www.youtube.com\/embed\/ucpjxLqxK6g?feature=oembed\" frameborder=\"0\" allow=\"accelerometer; autoplay; clipboard-write; encrypted-media; gyroscope; picture-in-picture; web-share\" referrerpolicy=\"strict-origin-when-cross-origin\" allowfullscreen><\/iframe>\n<\/div><\/figure>\n\n\n\n<p>En este video te contamos qu\u00e9 es el Tipoblog y hacemos una demostraci\u00f3n de c\u00f3mo registrarse y publicar una entrada, para que puedas realizar la entrega a trav\u00e9s de esta plataforma, de acuerdo a la consigna del TP04A | Tipograf\u00eda e interfaces.<\/p>\n\n\n\n<p>Hay much\u00edsimo m\u00e1s para aprender sobre esta app. Te sugerimos que consultes el <a rel=\"noreferrer noopener\" href=\"https:\/\/wordpress.com\/support\/wordpress-editor\/\" data-type=\"URL\" data-id=\"https:\/\/wordpress.com\/support\/wordpress-editor\/\" target=\"_blank\">sitio oficial de soporte de WordPress<\/a>, para profundizar en el manejo del editor de bloques y de las herramientas para dar formato al texto.  <\/p>\n","protected":false},"excerpt":{"rendered":"<p>En este video te contamos qu\u00e9 es el Tipoblog y hacemos una demostraci\u00f3n de c\u00f3mo registrarse y publicar una entrada, para que puedas realizar la entrega a trav\u00e9s de esta plataforma, de acuerdo a la consigna del TP04A | Tipograf\u00eda e interfaces. Hay much\u00edsimo m\u00e1s para aprender sobre esta app. Te sugerimos que consultes el [&hellip;]<\/p>\n","protected":false},"author":1,"featured_media":0,"parent":0,"menu_order":0,"comment_status":"closed","ping_status":"closed","template":"","meta":{"_acf_changed":false,"footnotes":""},"class_list":["post-65","page","type-page","status-publish","hentry"],"acf":[],"_links":{"self":[{"href":"https:\/\/www.catedracosgaya.com.ar\/tipoblog\/2023\/wp-json\/wp\/v2\/pages\/65","targetHints":{"allow":["GET"]}}],"collection":[{"href":"https:\/\/www.catedracosgaya.com.ar\/tipoblog\/2023\/wp-json\/wp\/v2\/pages"}],"about":[{"href":"https:\/\/www.catedracosgaya.com.ar\/tipoblog\/2023\/wp-json\/wp\/v2\/types\/page"}],"author":[{"embeddable":true,"href":"https:\/\/www.catedracosgaya.com.ar\/tipoblog\/2023\/wp-json\/wp\/v2\/users\/1"}],"replies":[{"embeddable":true,"href":"https:\/\/www.catedracosgaya.com.ar\/tipoblog\/2023\/wp-json\/wp\/v2\/comments?post=65"}],"version-history":[{"count":1,"href":"https:\/\/www.catedracosgaya.com.ar\/tipoblog\/2023\/wp-json\/wp\/v2\/pages\/65\/revisions"}],"predecessor-version":[{"id":216,"href":"https:\/\/www.catedracosgaya.com.ar\/tipoblog\/2023\/wp-json\/wp\/v2\/pages\/65\/revisions\/216"}],"wp:attachment":[{"href":"https:\/\/www.catedracosgaya.com.ar\/tipoblog\/2023\/wp-json\/wp\/v2\/media?parent=65"}],"curies":[{"name":"wp","href":"https:\/\/api.w.org\/{rel}","templated":true}]}}