{"id":40,"date":"2022-09-14T10:47:53","date_gmt":"2022-09-14T13:47:53","guid":{"rendered":"https:\/\/catedracosgaya.com.ar\/tipoblog\/2022\/?page_id=40"},"modified":"2023-08-15T16:17:52","modified_gmt":"2023-08-15T19:17:52","slug":"sugerencias","status":"publish","type":"page","link":"https:\/\/www.catedracosgaya.com.ar\/tipoblog\/2023\/sugerencias\/","title":{"rendered":"Sugerencias"},"content":{"rendered":"\n<ul class=\"wp-block-list\">\n<li>Redact\u00e1 un buen t\u00edtulo para el an\u00e1lisis, que llame la atenci\u00f3n y motive a la lectura.<\/li>\n\n\n\n<li>Puede ser \u00fatil que elabores una breve introducci\u00f3n con los datos relevados para la ficha t\u00e9cnica antes de presentar el an\u00e1lisis. <\/li>\n\n\n\n<li>El an\u00e1lisis de la interfaz elegida es lo central del art\u00edculo. Suele ser frecuente en este tipo de publicaciones utilizar una l\u00ednea en blanco como separaci\u00f3n entre p\u00e1rrafos, sin sangr\u00eda.<\/li>\n\n\n\n<li>Si el an\u00e1lisis es algo extenso, ser\u00e1 \u00fatil la inclusi\u00f3n de subt\u00edtulos que ayuden al lector a hacer un escaneo inicial del post para entender r\u00e1pidamente de qu\u00e9 trata.<\/li>\n\n\n\n<li>Pod\u00e9s incluir otros materiales gr\u00e1ficos o audiovisuales complementarios a la pieza elegida.<\/li>\n\n\n\n<li>Al citar las fuentes, no olvides colocar los enlaces a los sitios de origen a modo de cr\u00e9dito a las ideas ajenas que se usaron en el trabajo.<\/li>\n\n\n\n<li>Complet\u00e1 el eje de an\u00e1lisis que eligieron para realizar el trabajo, los datos de tu grupo y los datos de la ficha t\u00e9cnica y tipogr\u00e1fica. Estos datos aparecer\u00e1n a continuaci\u00f3n del texto principal pero no ser\u00e1n p\u00fablicos.<\/li>\n\n\n\n<li>No olvides indicar la comisi\u00f3n a la que pertenecen. <\/li>\n\n\n\n<li>Resum\u00ed el contenido del art\u00edculo en el extracto, destacando algunos puntos importantes.<\/li>\n\n\n\n<li>Deber\u00e1s utilizar como imagen destacada la captura de la interfaz que elegiste analizar, independientemente de si en el cuerpo central inclu\u00eds otras fotos, videos o s\u00f3lo texto.<\/li>\n\n\n\n<li>Asign\u00e1 a tu post las etiquetas (palabras clave) que consideres relevantes.<\/li>\n\n\n\n<li>Antes de publicar, revis\u00e1 la ortograf\u00eda y la redacci\u00f3n. Us\u00e1 un corrector ortogr\u00e1fico si es necesario.<\/li>\n\n\n\n<li>Una vez que hayas publicado, verific\u00e1 que tu post aparezca en la p\u00e1gina de inicio del Tipoblog.<\/li>\n\n\n\n<li>Prepar\u00e1 el post con cierta anticipaci\u00f3n, sobretodo si no est\u00e1s familiarizadx con el sistema de publicaci\u00f3n. Pod\u00e9s guardar una versi\u00f3n borrador que pod\u00e9s ir completando o revisando antes de publicar. <\/li>\n\n\n\n<li>Consult\u00e1 lo que vayan publicando tus compa\u00f1erxs y sentite libre de dejar comentarios a modo de retroalimentaci\u00f3n. Los comentarios son privados. Tanto para comentar como para leer los mismos, deber\u00e1n estar logueadxs en la plataforma.<\/li>\n<\/ul>\n","protected":false},"excerpt":{"rendered":"","protected":false},"author":1,"featured_media":0,"parent":0,"menu_order":0,"comment_status":"closed","ping_status":"closed","template":"","meta":{"_acf_changed":false,"footnotes":""},"class_list":["post-40","page","type-page","status-publish","hentry"],"acf":[],"_links":{"self":[{"href":"https:\/\/www.catedracosgaya.com.ar\/tipoblog\/2023\/wp-json\/wp\/v2\/pages\/40","targetHints":{"allow":["GET"]}}],"collection":[{"href":"https:\/\/www.catedracosgaya.com.ar\/tipoblog\/2023\/wp-json\/wp\/v2\/pages"}],"about":[{"href":"https:\/\/www.catedracosgaya.com.ar\/tipoblog\/2023\/wp-json\/wp\/v2\/types\/page"}],"author":[{"embeddable":true,"href":"https:\/\/www.catedracosgaya.com.ar\/tipoblog\/2023\/wp-json\/wp\/v2\/users\/1"}],"replies":[{"embeddable":true,"href":"https:\/\/www.catedracosgaya.com.ar\/tipoblog\/2023\/wp-json\/wp\/v2\/comments?post=40"}],"version-history":[{"count":0,"href":"https:\/\/www.catedracosgaya.com.ar\/tipoblog\/2023\/wp-json\/wp\/v2\/pages\/40\/revisions"}],"wp:attachment":[{"href":"https:\/\/www.catedracosgaya.com.ar\/tipoblog\/2023\/wp-json\/wp\/v2\/media?parent=40"}],"curies":[{"name":"wp","href":"https:\/\/api.w.org\/{rel}","templated":true}]}}