{"id":107,"date":"2022-09-15T15:14:29","date_gmt":"2022-09-15T18:14:29","guid":{"rendered":"https:\/\/catedracosgaya.com.ar\/tipoblog\/2022\/?page_id=107"},"modified":"2023-08-17T15:50:23","modified_gmt":"2023-08-17T18:50:23","slug":"tp04a-tipografia-e-interfaces","status":"publish","type":"page","link":"https:\/\/www.catedracosgaya.com.ar\/tipoblog\/2023\/tp04a-tipografia-e-interfaces\/","title":{"rendered":"Tipograf\u00eda e interfaces"},"content":{"rendered":"\n<p>Pr\u00f3ximamente aqu\u00ed, sus art\u00edculos&#8230;<\/p>\n","protected":false},"excerpt":{"rendered":"<p>Pr\u00f3ximamente aqu\u00ed, sus art\u00edculos&#8230;<\/p>\n","protected":false},"author":1,"featured_media":0,"parent":0,"menu_order":0,"comment_status":"closed","ping_status":"closed","template":"","meta":{"_acf_changed":false,"footnotes":""},"class_list":["post-107","page","type-page","status-publish","hentry"],"acf":[],"_links":{"self":[{"href":"https:\/\/www.catedracosgaya.com.ar\/tipoblog\/2023\/wp-json\/wp\/v2\/pages\/107","targetHints":{"allow":["GET"]}}],"collection":[{"href":"https:\/\/www.catedracosgaya.com.ar\/tipoblog\/2023\/wp-json\/wp\/v2\/pages"}],"about":[{"href":"https:\/\/www.catedracosgaya.com.ar\/tipoblog\/2023\/wp-json\/wp\/v2\/types\/page"}],"author":[{"embeddable":true,"href":"https:\/\/www.catedracosgaya.com.ar\/tipoblog\/2023\/wp-json\/wp\/v2\/users\/1"}],"replies":[{"embeddable":true,"href":"https:\/\/www.catedracosgaya.com.ar\/tipoblog\/2023\/wp-json\/wp\/v2\/comments?post=107"}],"version-history":[{"count":2,"href":"https:\/\/www.catedracosgaya.com.ar\/tipoblog\/2023\/wp-json\/wp\/v2\/pages\/107\/revisions"}],"predecessor-version":[{"id":149,"href":"https:\/\/www.catedracosgaya.com.ar\/tipoblog\/2023\/wp-json\/wp\/v2\/pages\/107\/revisions\/149"}],"wp:attachment":[{"href":"https:\/\/www.catedracosgaya.com.ar\/tipoblog\/2023\/wp-json\/wp\/v2\/media?parent=107"}],"curies":[{"name":"wp","href":"https:\/\/api.w.org\/{rel}","templated":true}]}}