{"id":47,"date":"2020-10-30T06:42:04","date_gmt":"2020-10-30T09:42:04","guid":{"rendered":"http:\/\/www.catedracosgaya.com.ar\/tipoblog\/2020\/?page_id=47"},"modified":"2021-09-20T11:34:07","modified_gmt":"2021-09-20T14:34:07","slug":"tutorial","status":"publish","type":"page","link":"https:\/\/www.catedracosgaya.com.ar\/tipoblog\/2021\/tutorial\/","title":{"rendered":"Tutorial"},"content":{"rendered":"\n<figure class=\"wp-block-embed is-type-video is-provider-youtube wp-block-embed-youtube wp-embed-aspect-16-9 wp-has-aspect-ratio\"><div class=\"wp-block-embed__wrapper\">\n<iframe loading=\"lazy\" title=\"Tipoblog - Edici\u00f3n 2020\" width=\"580\" height=\"326\" src=\"https:\/\/www.youtube.com\/embed\/h-5fNDiawkU?feature=oembed\" frameborder=\"0\" allow=\"accelerometer; autoplay; clipboard-write; encrypted-media; gyroscope; picture-in-picture; web-share\" referrerpolicy=\"strict-origin-when-cross-origin\" allowfullscreen><\/iframe>\n<\/div><\/figure>\n\n\n\n<p>En este video del a\u00f1o pasado te contamos qu\u00e9 es el Tipoblog y hacemos una demostraci\u00f3n de c\u00f3mo registrarse y publicar una entrada, para que puedas realizar la entrega a trav\u00e9s de esta plataforma, de acuerdo a la consigna del p05 | Tipograf\u00eda y activismo.<\/p>\n\n\n\n<p>Hay much\u00edsimo m\u00e1s para aprender sobre esta app. Te sugerimos que consultes el <a rel=\"noreferrer noopener\" href=\"https:\/\/wordpress.com\/support\/wordpress-editor\/\" data-type=\"URL\" data-id=\"https:\/\/wordpress.com\/support\/wordpress-editor\/\" target=\"_blank\">sitio oficial de soporte de WordPress<\/a>, para profundizar en el manejo del editor de bloques y de las herramientas para dar formato al texto.  <\/p>\n<div class=\"remoji_bar\"><div class=\"remoji_add_container\" data-remoji-id=\"47\" data-remoji-type=\"post\"><div class=\"remoji_add_icon\"><\/div><\/div><div class=\"remoji_error_bar\" data-remoji-id=\"47\" data-remoji-type=\"post\" style=\"display: none;\">Error happened.<\/div><\/div>","protected":false},"excerpt":{"rendered":"<p>En este video del a\u00f1o pasado te contamos qu\u00e9 es el Tipoblog y hacemos una demostraci\u00f3n de c\u00f3mo registrarse y publicar una entrada, para que puedas realizar la entrega a trav\u00e9s de esta plataforma, de acuerdo a la consigna del p05 | Tipograf\u00eda y activismo. Hay much\u00edsimo m\u00e1s para aprender sobre esta app. Te sugerimos [&hellip;]<\/p>\n","protected":false},"author":1,"featured_media":0,"parent":0,"menu_order":0,"comment_status":"closed","ping_status":"closed","template":"","meta":{"_acf_changed":false,"footnotes":""},"class_list":["post-47","page","type-page","status-publish","hentry"],"acf":[],"_links":{"self":[{"href":"https:\/\/www.catedracosgaya.com.ar\/tipoblog\/2021\/wp-json\/wp\/v2\/pages\/47","targetHints":{"allow":["GET"]}}],"collection":[{"href":"https:\/\/www.catedracosgaya.com.ar\/tipoblog\/2021\/wp-json\/wp\/v2\/pages"}],"about":[{"href":"https:\/\/www.catedracosgaya.com.ar\/tipoblog\/2021\/wp-json\/wp\/v2\/types\/page"}],"author":[{"embeddable":true,"href":"https:\/\/www.catedracosgaya.com.ar\/tipoblog\/2021\/wp-json\/wp\/v2\/users\/1"}],"replies":[{"embeddable":true,"href":"https:\/\/www.catedracosgaya.com.ar\/tipoblog\/2021\/wp-json\/wp\/v2\/comments?post=47"}],"version-history":[{"count":2,"href":"https:\/\/www.catedracosgaya.com.ar\/tipoblog\/2021\/wp-json\/wp\/v2\/pages\/47\/revisions"}],"predecessor-version":[{"id":145,"href":"https:\/\/www.catedracosgaya.com.ar\/tipoblog\/2021\/wp-json\/wp\/v2\/pages\/47\/revisions\/145"}],"wp:attachment":[{"href":"https:\/\/www.catedracosgaya.com.ar\/tipoblog\/2021\/wp-json\/wp\/v2\/media?parent=47"}],"curies":[{"name":"wp","href":"https:\/\/api.w.org\/{rel}","templated":true}]}}