{"id":6,"date":"2019-05-10T01:37:20","date_gmt":"2019-05-10T04:37:20","guid":{"rendered":"https:\/\/www.catedracosgaya.com.ar\/tipoblog\/2019\/?page_id=6"},"modified":"2019-05-10T02:19:09","modified_gmt":"2019-05-10T05:19:09","slug":"sugerencias","status":"publish","type":"page","link":"https:\/\/www.catedracosgaya.com.ar\/tipoblog\/2019\/sugerencias\/","title":{"rendered":"Sugerencias"},"content":{"rendered":"<ul>\n<li>Prepar\u00e1 el post con cierta anticipaci\u00f3n, sobretodo si no est\u00e1s familiarizado\/a con el sistema de publicaci\u00f3n<\/li>\n<li>Consult\u00e1 lo que vayan publicando tus compa\u00f1eros para no repetir informaci\u00f3n<\/li>\n<li>Redact\u00e1 un buen t\u00edtulo, que llame la atenci\u00f3n y motive a la lectura<\/li>\n<li>Puede ser \u00fatil que elabores una breve introducci\u00f3n<\/li>\n<li>El contenido principal es el elemento central del post. Suele ser frecuente en este tipo de publicaciones utilizar una l\u00ednea en blanco como separaci\u00f3n entre p\u00e1rrafos, sin sangr\u00eda<\/li>\n<li>Si el art\u00edculo es extenso, ser\u00e1 \u00fatil la inclusi\u00f3n de subt\u00edtulos que ayuden al lector a hacer un escaneo inicial del post para entender en menos de 1 segundo de qu\u00e9 trata<\/li>\n<li>Pod\u00e9s incluir referencias a enlaces externos que brinden informaci\u00f3n adicional<\/li>\n<li>Al citar la fuente, no olvides colocar el enlace al sitio de origen<\/li>\n<li>Independientemente de si el contenido central es un video, fotos o s\u00f3lo texto, deber\u00e1s elegir o crear una imagen atractiva que haga referencia al contenido, para utilizar como imagen destacada. Esta imagen ser\u00e1 la puerta de entrada a tu post en el Blog<\/li>\n<li>Resum\u00ed el post en el extracto, destacando algunos puntos importantes<\/li>\n<li>Tild\u00e1 la comisi\u00f3n a la que perteneces<\/li>\n<li>Tild\u00e1 la categor\u00eda (tem\u00e1tica) correspondiente y destild\u00e1 la opci\u00f3n &#8220;Sin Categor\u00eda&#8221;<\/li>\n<li>Asigna a tu post las etiquetas (palabras clave) que consideres relevantes<\/li>\n<li>Antes de publicar, revis\u00e1 la ortograf\u00eda y la redacci\u00f3n. Us\u00e1 un corrector ortogr\u00e1fico si es necesario<\/li>\n<li>Una vez que hayas publicado, verific\u00e1 que tu post aparezca en la p\u00e1gina de inicio del Tipoblog y en la categor\u00eda correspondiente<\/li>\n<li>Finalmente, te invitamos a que compartas tu post en las redes sociales<\/li>\n<\/ul>\n","protected":false},"excerpt":{"rendered":"<p>Prepar\u00e1 el post con cierta anticipaci\u00f3n, sobretodo si no est\u00e1s familiarizado\/a con el sistema de publicaci\u00f3n Consult\u00e1 lo que vayan publicando tus compa\u00f1eros para no repetir informaci\u00f3n Redact\u00e1 un buen t\u00edtulo, que llame la atenci\u00f3n y motive a la lectura Puede ser \u00fatil que elabores una breve introducci\u00f3n El contenido principal es el elemento central [&hellip;]<\/p>\n","protected":false},"author":1,"featured_media":0,"parent":0,"menu_order":0,"comment_status":"closed","ping_status":"closed","template":"","meta":{"jetpack_post_was_ever_published":false,"footnotes":""},"class_list":["post-6","page","type-page","status-publish","hentry"],"jetpack_sharing_enabled":true,"jetpack_shortlink":"https:\/\/wp.me\/PaXRK8-6","jetpack_likes_enabled":true,"_links":{"self":[{"href":"https:\/\/www.catedracosgaya.com.ar\/tipoblog\/2019\/wp-json\/wp\/v2\/pages\/6","targetHints":{"allow":["GET"]}}],"collection":[{"href":"https:\/\/www.catedracosgaya.com.ar\/tipoblog\/2019\/wp-json\/wp\/v2\/pages"}],"about":[{"href":"https:\/\/www.catedracosgaya.com.ar\/tipoblog\/2019\/wp-json\/wp\/v2\/types\/page"}],"author":[{"embeddable":true,"href":"https:\/\/www.catedracosgaya.com.ar\/tipoblog\/2019\/wp-json\/wp\/v2\/users\/1"}],"replies":[{"embeddable":true,"href":"https:\/\/www.catedracosgaya.com.ar\/tipoblog\/2019\/wp-json\/wp\/v2\/comments?post=6"}],"version-history":[{"count":3,"href":"https:\/\/www.catedracosgaya.com.ar\/tipoblog\/2019\/wp-json\/wp\/v2\/pages\/6\/revisions"}],"predecessor-version":[{"id":6598,"href":"https:\/\/www.catedracosgaya.com.ar\/tipoblog\/2019\/wp-json\/wp\/v2\/pages\/6\/revisions\/6598"}],"wp:attachment":[{"href":"https:\/\/www.catedracosgaya.com.ar\/tipoblog\/2019\/wp-json\/wp\/v2\/media?parent=6"}],"curies":[{"name":"wp","href":"https:\/\/api.w.org\/{rel}","templated":true}]}}