{"id":10,"date":"2019-05-10T01:44:08","date_gmt":"2019-05-10T04:44:08","guid":{"rendered":"https:\/\/www.catedracosgaya.com.ar\/tipoblog\/2019\/?page_id=10"},"modified":"2019-05-10T13:08:09","modified_gmt":"2019-05-10T16:08:09","slug":"preguntas-frecuentes","status":"publish","type":"page","link":"https:\/\/www.catedracosgaya.com.ar\/tipoblog\/2019\/preguntas-frecuentes\/","title":{"rendered":"Preguntas frecuentes"},"content":{"rendered":"<div id=\"accordion\" class=\"panel-group\" role=\"tablist\" aria-multiselectable=\"true\">\n<div class=\"panel\">\n<div id=\"heading1\" class=\"panel-heading\" role=\"tab\">\n<h4 class=\"panel-title\"><a role=\"button\" href=\"#collapse1\" data-toggle=\"collapse\" data-parent=\"#accordion\" aria-expanded=\"true\" aria-controls=\"collapse1\"> \u00bfQu\u00e9 tengo que hacer? <\/a><\/h4>\n<\/div>\n<div id=\"collapse1\" class=\"panel-collapse collapse in\" role=\"tabpanel\" aria-labelledby=\"heading1\">\n<div class=\"panel-body\">Ten\u00e9s que generar un post. Producir un contenido relacionado con alguna de las tem\u00e1ticas propuestas por la c\u00e1tedra (Arte, Ciencia, Cultura, Educaci\u00f3n, G\u00e9nero, Historia, Mercado, Pol\u00edtica, Salud, Sociedad, Tecnolog\u00eda) pero desde una perspectiva de Tipograf\u00eda o Dise\u00f1o y, en la fecha que te asignamos, ten\u00e9s que publicarlo en este blog.<\/div>\n<\/div>\n<\/div>\n<div class=\"panel\">\n<div id=\"heading2\" class=\"panel-heading\" role=\"tab\">\n<h4 class=\"panel-title\"><a class=\"collapsed\" role=\"button\" href=\"#collapse2\" data-toggle=\"collapse\" data-parent=\"#accordion\" aria-expanded=\"false\" aria-controls=\"collapse2\"> \u00bfQu\u00e9 es un post? <\/a><\/h4>\n<\/div>\n<div id=\"collapse2\" class=\"panel-collapse collapse in\" role=\"tabpanel\" aria-labelledby=\"heading2\">\n<div class=\"panel-body\">El t\u00e9rmino Post se refiere a cada una de las entradas (art\u00edculos) que se publican de forma peri\u00f3dica en un blog. La mayor\u00eda de los post son breves (entre 250 y 600 palabras) en comparaci\u00f3n con un art\u00edculo o nota de un sitio o publicaci\u00f3n digital que puede tener m\u00e1s de miles de caracteres. Generalmente los posts se ordenan de manera cronol\u00f3gica y se archivan por categor\u00edas y tambi\u00e9n se acompa\u00f1an de palabras clave relacionadas con el contenido del art\u00edculo.<\/div>\n<\/div>\n<\/div>\n<div class=\"panel\">\n<div id=\"heading3\" class=\"panel-heading\" role=\"tab\">\n<h4 class=\"panel-title\"><a class=\"collapsed\" role=\"button\" href=\"#collapse3\" data-toggle=\"collapse\" data-parent=\"#accordion\" aria-expanded=\"false\" aria-controls=\"collapse3\"> \u00bfC\u00f3mo tiene que ser el post? <\/a><\/h4>\n<\/div>\n<div id=\"collapse3\" class=\"panel-collapse collapse in\" role=\"tabpanel\" aria-labelledby=\"heading3\">\n<div class=\"panel-body\">Pretendemos que el post sea de elaboraci\u00f3n propia. Pod\u00e9s compartir un link, una imagen, un sitio, un art\u00edculo, un audio, un video, cualquier informaci\u00f3n que consideres relevante a la tem\u00e1tica y con ello armar tu post. Lo que escribas puede relacionarse directa o indirectamente con la Tipograf\u00eda. En cualquier caso, deber\u00e1s argumentar cu\u00e1l es la relaci\u00f3n que hiciste o qu\u00e9 te llev\u00f3 a publicarlo.<\/div>\n<\/div>\n<\/div>\n<div class=\"panel\">\n<div id=\"heading4\" class=\"panel-heading\" role=\"tab\">\n<h4 class=\"panel-title\"><a role=\"button\" href=\"#collapse4\" data-toggle=\"collapse\" data-parent=\"#accordion\" aria-expanded=\"true\" aria-controls=\"collapse4\"> \u00bfQu\u00e9 se espera de mi post? <\/a><\/h4>\n<\/div>\n<div id=\"collapse4\" class=\"panel-collapse collapse in\" role=\"tabpanel\" aria-labelledby=\"heading4\">\n<div class=\"panel-body\">\n<ul>\n<li>Que compartas y\/o generes informaci\u00f3n que sea de inter\u00e9s para tus compa\u00f1eros<\/li>\n<li>Que contribuyas con informaci\u00f3n o referentes para la cursada<\/li>\n<li>Que le des valor agregado a una informaci\u00f3n<\/li>\n<li>Que te animes a encontrar relaciones y nuevos puntos de vista sobre la Tipograf\u00eda<\/li>\n<li>Que expreses tu opini\u00f3n<\/li>\n<li>Que reflexiones<\/li>\n<li>Que invites a pensar<\/li>\n<li>Que contribuyas a un aprendizaje y conocimiento colectivos<\/li>\n<\/ul>\n<\/div>\n<\/div>\n<\/div>\n<div class=\"panel\">\n<div id=\"heading5\" class=\"panel-heading\" role=\"tab\">\n<h4 class=\"panel-title\"><a role=\"button\" href=\"#collapse5\" data-toggle=\"collapse\" data-parent=\"#accordion\" aria-expanded=\"true\" aria-controls=\"collapse5\"> \u00bfCu\u00e1ndo debo postear? <\/a><\/h4>\n<\/div>\n<div id=\"collapse5\" class=\"panel-collapse collapse in\" role=\"tabpanel\" aria-labelledby=\"heading5\">\n<div class=\"panel-body\">Hemos asignado a cada estudiante una fecha espec\u00edfica para publicar el post. Desde las cero horas de ese d\u00eda podr\u00e1s publicar tu post. <a href=\"https:\/\/docs.google.com\/spreadsheets\/d\/e\/2PACX-1vROztaISwFqIYYJ-UNZo_5Acf4ht1i8sP58z6Z7xuciZfuTf2GQKTxPaSJKpR6ir-tfVoZKOdaYqSna\/pubhtml?gid=0&amp;single=true\" target=\"_blank\" rel=\"noopener noreferrer\">Consulta ac\u00e1 en qu\u00e9 d\u00eda te corresponde pubicar.<\/a><\/div>\n<\/div>\n<\/div>\n<div class=\"panel\">\n<div id=\"heading6\" class=\"panel-heading\" role=\"tab\">\n<h4 class=\"panel-title\"><a role=\"button\" href=\"#collapse6\" data-toggle=\"collapse\" data-parent=\"#accordion\" aria-expanded=\"true\" aria-controls=\"collapse6\"> \u00bfQu\u00e9 pasa si me paso de mi fecha? <\/a><\/h4>\n<\/div>\n<div id=\"collapse6\" class=\"panel-collapse collapse in\" role=\"tabpanel\" aria-labelledby=\"heading6\">\n<div class=\"panel-body\">El post deber\u00e1s publicarlo en la fecha estipulada, ni antes ni despu\u00e9s. Si se pas\u00f3 tu fecha, ya no podr\u00e1s publicar.<\/div>\n<\/div>\n<\/div>\n<div class=\"panel\">\n<div id=\"heading7\" class=\"panel-heading\" role=\"tab\">\n<h4 class=\"panel-title\"><a role=\"button\" href=\"#collapse7\" data-toggle=\"collapse\" data-parent=\"#accordion\" aria-expanded=\"true\" aria-controls=\"collapse7\"> \u00bfQu\u00e9 pasa si tengo algo para postear y no es mi fecha? <\/a><\/h4>\n<\/div>\n<div id=\"collapse7\" class=\"panel-collapse collapse in\" role=\"tabpanel\" aria-labelledby=\"heading7\">\n<div class=\"panel-body\">El post deber\u00e1s publicarlo en la fecha estipulada, ni antes ni despu\u00e9s. Pod\u00e9s pensar qu\u00e9 publicar y comenzar a trabajar en ello cuando quieras pero si a\u00fan no lleg\u00f3 tu fecha de publicaci\u00f3n, tendr\u00e1s que esperar a tu fecha para publicar. Otra alternativa es programar el post para que se publique en diferido, en la fecha que te corresponde.<\/div>\n<\/div>\n<\/div>\n<div class=\"panel\">\n<div id=\"heading8\" class=\"panel-heading\" role=\"tab\">\n<h4 class=\"panel-title\"><a role=\"button\" href=\"#collapse8\" data-toggle=\"collapse\" data-parent=\"#accordion\" aria-expanded=\"true\" aria-controls=\"collapse8\"> \u00bfD\u00f3nde publico? <\/a><\/h4>\n<\/div>\n<div id=\"collapse8\" class=\"panel-collapse collapse in\" role=\"tabpanel\" aria-labelledby=\"heading8\">\n<div class=\"panel-body\">Para publicar tu post deber\u00e1s ingresar <a href=\"https:\/\/catedracosgaya.com.ar\/tipoblog\/2019\/wp-login.php\">aqu\u00ed<\/a> con el usuario y clave que te fueron asignados. O bien pod\u00e9s acceder desde <a href=\"https:\/\/catedracosgaya.com.ar\/tipoblog\/2019\/wp-login.php\">\u201cPublicar\u201d<\/a> arriba, a la derecha. Antes de publicar el post, verific\u00e1 que lo hayas asignado a la categor\u00eda tem\u00e1tica correspondiente. No olvides asignar las palabras clave (etiquetas) que consideres pertinentes al contenido del post.<\/div>\n<\/div>\n<\/div>\n<div class=\"panel\">\n<div id=\"heading9\" class=\"panel-heading\" role=\"tab\">\n<h4 class=\"panel-title\"><a role=\"button\" href=\"#collapse9\" data-toggle=\"collapse\" data-parent=\"#accordion\" aria-expanded=\"true\" aria-controls=\"collapse9\"> \u00bfC\u00f3mo posteo? <\/a><\/h4>\n<\/div>\n<div id=\"collapse9\" class=\"panel-collapse collapse in\" role=\"tabpanel\" aria-labelledby=\"heading9\">\n<div class=\"panel-body\">Si necesit\u00e1s ayuda sobre c\u00f3mo publicar pod\u00e9s consultar el siguiente <a href=\"https:\/\/www.catedracosgaya.com.ar\/tipoblog\/2013\/tutorial\/\">tutorial<\/a> o el soporte de <a href=\"https:\/\/codex.wordpress.org\/Posts\" target=\"_blank\" rel=\"noopener noreferrer\">WordPress (en ingl\u00e9s).<\/a><\/div>\n<\/div>\n<\/div>\n<div class=\"panel\">\n<div id=\"heading10\" class=\"panel-heading\" role=\"tab\">\n<h4 class=\"panel-title\"><a role=\"button\" href=\"#collapse10\" data-toggle=\"collapse\" data-parent=\"#accordion\" aria-expanded=\"true\" aria-controls=\"collapse10\"> \u00bfPuedo consultar mi post? <\/a><\/h4>\n<\/div>\n<div id=\"collapse10\" class=\"panel-collapse collapse in\" role=\"tabpanel\" aria-labelledby=\"heading10\">\n<div class=\"panel-body\">Esperamos que trabajes de manera aut\u00f3noma pero si ten\u00e9s dudas puntual sobre lo que te gustar\u00eda publicar, desde luego pod\u00e9s consultarnos en el taller.<\/div>\n<\/div>\n<\/div>\n<\/div>\n","protected":false},"excerpt":{"rendered":"<p>\u00bfQu\u00e9 tengo que hacer? Ten\u00e9s que generar un post. Producir un contenido relacionado con alguna de las tem\u00e1ticas propuestas por la c\u00e1tedra (Arte, Ciencia, Cultura, Educaci\u00f3n, G\u00e9nero, Historia, Mercado, Pol\u00edtica, Salud, Sociedad, Tecnolog\u00eda) pero desde una perspectiva de Tipograf\u00eda o Dise\u00f1o y, en la fecha que te asignamos, ten\u00e9s que publicarlo en este blog. \u00bfQu\u00e9 [&hellip;]<\/p>\n","protected":false},"author":1,"featured_media":0,"parent":0,"menu_order":0,"comment_status":"closed","ping_status":"closed","template":"","meta":{"jetpack_post_was_ever_published":false,"footnotes":""},"class_list":["post-10","page","type-page","status-publish","hentry"],"jetpack_sharing_enabled":true,"jetpack_shortlink":"https:\/\/wp.me\/PaXRK8-a","jetpack_likes_enabled":true,"_links":{"self":[{"href":"https:\/\/www.catedracosgaya.com.ar\/tipoblog\/2019\/wp-json\/wp\/v2\/pages\/10","targetHints":{"allow":["GET"]}}],"collection":[{"href":"https:\/\/www.catedracosgaya.com.ar\/tipoblog\/2019\/wp-json\/wp\/v2\/pages"}],"about":[{"href":"https:\/\/www.catedracosgaya.com.ar\/tipoblog\/2019\/wp-json\/wp\/v2\/types\/page"}],"author":[{"embeddable":true,"href":"https:\/\/www.catedracosgaya.com.ar\/tipoblog\/2019\/wp-json\/wp\/v2\/users\/1"}],"replies":[{"embeddable":true,"href":"https:\/\/www.catedracosgaya.com.ar\/tipoblog\/2019\/wp-json\/wp\/v2\/comments?post=10"}],"version-history":[{"count":8,"href":"https:\/\/www.catedracosgaya.com.ar\/tipoblog\/2019\/wp-json\/wp\/v2\/pages\/10\/revisions"}],"predecessor-version":[{"id":6609,"href":"https:\/\/www.catedracosgaya.com.ar\/tipoblog\/2019\/wp-json\/wp\/v2\/pages\/10\/revisions\/6609"}],"wp:attachment":[{"href":"https:\/\/www.catedracosgaya.com.ar\/tipoblog\/2019\/wp-json\/wp\/v2\/media?parent=10"}],"curies":[{"name":"wp","href":"https:\/\/api.w.org\/{rel}","templated":true}]}}