{"id":30,"date":"2013-03-15T02:40:16","date_gmt":"2013-03-15T02:40:16","guid":{"rendered":"http:\/\/catedracosgaya.com.ar\/tiponet\/?page_id=30"},"modified":"2016-05-13T20:43:03","modified_gmt":"2016-05-13T20:43:03","slug":"ayuda","status":"publish","type":"page","link":"https:\/\/www.catedracosgaya.com.ar\/tipoblog\/2016\/ayuda\/","title":{"rendered":"Preguntas frecuentes"},"content":{"rendered":"<div class=\"panel-group\" id=\"accordion\" role=\"tablist\" aria-multiselectable=\"true\">\n<div class=\"panel\">\n<div class=\"panel-heading\" role=\"tab\" id=\"heading1\">\n<h4 class=\"panel-title\"> <a role=\"button\" data-toggle=\"collapse\" data-parent=\"#accordion\" href=\"#collapse1\" aria-expanded=\"true\" aria-controls=\"collapse1\"> &iquest;Qu&eacute; tengo que hacer? <\/a><\/h4>\n<\/div>\n<div id=\"collapse1\" class=\"panel-collapse collapse in\" role=\"tabpanel\" aria-labelledby=\"heading1\">\n<div class=\"panel-body\"> En la fecha que te corresponde tenes que generar y subir un post relacionado con el trabajo pr\u00e1ctico en curso (Esp\u00e9cimen, Libro, Sistema, etc.)<\/div>\n<\/div>\n<\/div>\n<div class=\"panel\">\n<div class=\"panel-heading\" role=\"tab\" id=\"heading2\">\n<h4 class=\"panel-title\"> <a class=\"collapsed\" role=\"button\" data-toggle=\"collapse\" data-parent=\"#accordion\" href=\"#collapse2\" aria-expanded=\"false\" aria-controls=\"collapse2\"> \u00bfQu&eacute; es un post? <\/a><\/h4>\n<\/div>\n<div id=\"collapse2\" class=\"panel-collapse collapse in\" role=\"tabpanel\" aria-labelledby=\"heading2\">\n<div class=\"panel-body\"> El t\u00e9rmino Post se refiere a cada una de las entradas (art\u00edculos) que se publican de forma peri\u00f3dica en un blog. La mayor\u00eda de los post son breves (entre 250 y 600 palabras) en comparaci\u00f3n con un art\u00edculo o nota de un sitio o publicaci\u00f3n digital que puede tener m\u00e1s de miles de caracteres. Generalmente los posts se ordenan de manera cronol\u00f3gica y se archivan por categor\u00edas y tambi\u00e9n se acompa\u00f1an de palabras clave relacionadas con el contenido del art\u00edculo.<\/div>\n<\/div>\n<\/div>\n<div class=\"panel\">\n<div class=\"panel-heading\" role=\"tab\" id=\"heading3\">\n<h4 class=\"panel-title\"> <a class=\"collapsed\" role=\"button\" data-toggle=\"collapse\" data-parent=\"#accordion\" href=\"#collapse3\" aria-expanded=\"false\" aria-controls=\"collapse3\"> \u00bfC&oacute;mo tiene que ser el post? <\/a><\/h4>\n<\/div>\n<div id=\"collapse3\" class=\"panel-collapse collapse in\" role=\"tabpanel\" aria-labelledby=\"heading3\">\n<div class=\"panel-body\"> Se pretende que el post sea de elaboraci\u00f3n propia. Pod\u00e9s compartir un link, una imagen, un sitio, un art\u00edculo, un audio, un video, cualquier informaci\u00f3n que consideres relevante al ejercicio y con ello armar un post. Puede relacionarse directa o indirectamente con el tema y deber\u00e1s argumentar cu\u00e1l es esa relaci\u00f3n o qu\u00e9 te llev\u00f3 a publicarlo.<\/div>\n<\/div>\n<\/div>\n<div class=\"panel\">\n<div class=\"panel-heading\" role=\"tab\" id=\"heading4\">\n<h4 class=\"panel-title\"> <a role=\"button\" data-toggle=\"collapse\" data-parent=\"#accordion\" href=\"#collapse4\" aria-expanded=\"true\" aria-controls=\"collapse4\"> &iquest;Qu&eacute; se espera de mi post? <\/a><\/h4>\n<\/div>\n<div id=\"collapse4\" class=\"panel-collapse collapse in\" role=\"tabpanel\" aria-labelledby=\"heading4\">\n<div class=\"panel-body\">\n<ul>\n<li>Que compartas y\/o generes informaci\u00f3n que sea de inter\u00e9s para tus compa\u00f1eros<\/li>\n<li>Que contribuyas con informaci\u00f3n o referentes para el ejercicio en curso<\/li>\n<li>Que le des valor agregado a una informaci\u00f3n<\/li>\n<li>Que te animes a encontrar relaciones y nuevos puntos de vista sobre la Tipograf\u00eda<\/li>\n<li>Que expreses tu opini\u00f3n<\/li>\n<li>Que reflexiones<\/li>\n<li>Que invites a pensar<\/li>\n<li>Que contribuyas a un aprendizaje y conocimiento colectivos<\/li>\n<\/ul>\n<\/div>\n<\/div>\n<\/div>\n<div class=\"panel\">\n<div class=\"panel-heading\" role=\"tab\" id=\"heading5\">\n<h4 class=\"panel-title\"> <a role=\"button\" data-toggle=\"collapse\" data-parent=\"#accordion\" href=\"#collapse5\" aria-expanded=\"true\" aria-controls=\"collapse5\"> &iquest;Cu&aacute;ndo debo postear? <\/a><\/h4>\n<\/div>\n<div id=\"collapse5\" class=\"panel-collapse collapse in\" role=\"tabpanel\" aria-labelledby=\"heading5\">\n<div class=\"panel-body\"> Cada alumno tiene asignada una fecha &uacute;nica para publicar el post. Desde las cero horas de ese d&iacute;a podr&aacute;s publicar tu post. <a href=\"https:\/\/docs.google.com\/spreadsheets\/d\/1x6D3XFypD_S7W2Xq3yRcK9cJWNu5UeDCDPfBT1orgK4\/pubhtml\" target=\"_blank\">Consulta ac&aacute; qu&eacute; fecha te corresponde.<\/a><\/div>\n<\/div>\n<\/div>\n<div class=\"panel\">\n<div class=\"panel-heading\" role=\"tab\" id=\"heading6\">\n<h4 class=\"panel-title\"> <a role=\"button\" data-toggle=\"collapse\" data-parent=\"#accordion\" href=\"#collapse6\" aria-expanded=\"true\" aria-controls=\"collapse6\"> &iquest;Qu&eacute; pasa si se pas&oacute; mi fecha? <\/a><\/h4>\n<\/div>\n<div id=\"collapse6\" class=\"panel-collapse collapse in\" role=\"tabpanel\" aria-labelledby=\"heading6\">\n<div class=\"panel-body\"> El post deber&aacute;s publicarlo en la fecha estipulada, ni antes ni despu&eacute;s. Si se pas&oacute; tu fecha, ya no pod&eacute;s publicar.<\/div>\n<\/div>\n<\/div>\n<div class=\"panel\">\n<div class=\"panel-heading\" role=\"tab\" id=\"heading7\">\n<h4 class=\"panel-title\"> <a role=\"button\" data-toggle=\"collapse\" data-parent=\"#accordion\" href=\"#collapse7\" aria-expanded=\"true\" aria-controls=\"collapse7\"> &iquest;Qu&eacute; pasa si tengo algo para postear y no es mi fecha? <\/a><\/h4>\n<\/div>\n<div id=\"collapse7\" class=\"panel-collapse collapse in\" role=\"tabpanel\" aria-labelledby=\"heading7\">\n<div class=\"panel-body\"> El post deber&aacute;s publicarlo en la fecha estipulada, ni antes ni despu&eacute;s. Pod&eacute;s comenzar a trabajar en tu post cuando quieras pero si a&uacute;n no lleg&oacute; tu fecha, espera a tu fecha para publicar.<\/div>\n<\/div>\n<\/div>\n<div class=\"panel\">\n<div class=\"panel-heading\" role=\"tab\" id=\"heading8\">\n<h4 class=\"panel-title\"> <a role=\"button\" data-toggle=\"collapse\" data-parent=\"#accordion\" href=\"#collapse8\" aria-expanded=\"true\" aria-controls=\"collapse8\"> &iquest;D&oacute;nde publico? <\/a><\/h4>\n<\/div>\n<div id=\"collapse8\" class=\"panel-collapse collapse in\" role=\"tabpanel\" aria-labelledby=\"heading8\">\n<div class=\"panel-body\"> Para publicar tu post deber&aacute;s ingresar <a href=\"http:\/\/catedracosgaya.com.ar\/tipoblog\/2016\/wp-login.php\">aqu&iacute;<\/a> con el usuario y clave que te fueron asignados. O bien pod&eacute;s acceder desde <a href=\"http:\/\/catedracosgaya.com.ar\/tipoblog\/2016\/wp-login.php\">\u201cPublicar\u201d<\/a> arriba, a la derecha. Antes de publicar el post verific&aacute; que lo hayas asignado a la categor&iacute;a correspondiente (nombre del trabajo pr&aacute;ctico). No olvides asignarle las palabras clave (etiquetas) que consideres pertinentes al contenido del post.<\/div>\n<\/div>\n<\/div>\n<div class=\"panel\">\n<div class=\"panel-heading\" role=\"tab\" id=\"heading9\">\n<h4 class=\"panel-title\"> <a role=\"button\" data-toggle=\"collapse\" data-parent=\"#accordion\" href=\"#collapse9\" aria-expanded=\"true\" aria-controls=\"collapse9\"> &iquest;C&oacute;mo posteo? <\/a><\/h4>\n<\/div>\n<div id=\"collapse9\" class=\"panel-collapse collapse in\" role=\"tabpanel\" aria-labelledby=\"heading9\">\n<div class=\"panel-body\"> Si necesit\u00e1s ayuda sobre c\u00f3mo publicar pod\u00e9s consultar el siguiente <a href=\"http:\/\/www.catedracosgaya.com.ar\/tipoblog\/2013\/tutorial\/\">tutorial<\/a> o el soporte de <a href=\"https:\/\/codex.wordpress.org\/Posts\" target=\"_blank\">WordPress (en ingl\u00e9s).<\/a><\/div>\n<\/div>\n<\/div>\n<div class=\"panel\">\n<div class=\"panel-heading\" role=\"tab\" id=\"heading10\">\n<h4 class=\"panel-title\"> <a role=\"button\" data-toggle=\"collapse\" data-parent=\"#accordion\" href=\"#collapse10\" aria-expanded=\"true\" aria-controls=\"collapse10\"> \u00bfPuedo consultar mi post? <\/a><\/h4>\n<\/div>\n<div id=\"collapse10\" class=\"panel-collapse collapse in\" role=\"tabpanel\" aria-labelledby=\"heading10\">\n<div class=\"panel-body\"> Esperamos que trabajes de manera aut&oacute;noma pero si ten&eacute;s alguna duda puntual sobre lo que te gustar&iacute;a publicar, desde luego pod&eacute;s consultar en el taller.<\/div>\n<\/div>\n<\/div>\n<\/div>\n","protected":false},"excerpt":{"rendered":"<p>&iquest;Qu&eacute; tengo que hacer? En la fecha que te corresponde tenes que generar y subir un post relacionado con el trabajo pr\u00e1ctico en curso (Esp\u00e9cimen, Libro, Sistema, etc.) \u00bfQu&eacute; es un post? El t\u00e9rmino Post se refiere a cada una de las entradas (art\u00edculos) que se publican de forma peri\u00f3dica en un blog. La mayor\u00eda [&hellip;]<\/p>\n","protected":false},"author":1,"featured_media":0,"parent":0,"menu_order":0,"comment_status":"closed","ping_status":"closed","template":"","meta":{"jetpack_post_was_ever_published":false,"footnotes":""},"class_list":["post-30","page","type-page","status-publish","hentry"],"jetpack_shortlink":"https:\/\/wp.me\/P7yOIN-u","jetpack_sharing_enabled":true,"_links":{"self":[{"href":"https:\/\/www.catedracosgaya.com.ar\/tipoblog\/2016\/wp-json\/wp\/v2\/pages\/30","targetHints":{"allow":["GET"]}}],"collection":[{"href":"https:\/\/www.catedracosgaya.com.ar\/tipoblog\/2016\/wp-json\/wp\/v2\/pages"}],"about":[{"href":"https:\/\/www.catedracosgaya.com.ar\/tipoblog\/2016\/wp-json\/wp\/v2\/types\/page"}],"author":[{"embeddable":true,"href":"https:\/\/www.catedracosgaya.com.ar\/tipoblog\/2016\/wp-json\/wp\/v2\/users\/1"}],"replies":[{"embeddable":true,"href":"https:\/\/www.catedracosgaya.com.ar\/tipoblog\/2016\/wp-json\/wp\/v2\/comments?post=30"}],"version-history":[{"count":0,"href":"https:\/\/www.catedracosgaya.com.ar\/tipoblog\/2016\/wp-json\/wp\/v2\/pages\/30\/revisions"}],"wp:attachment":[{"href":"https:\/\/www.catedracosgaya.com.ar\/tipoblog\/2016\/wp-json\/wp\/v2\/media?parent=30"}],"curies":[{"name":"wp","href":"https:\/\/api.w.org\/{rel}","templated":true}]}}