{"id":28,"date":"2013-03-15T02:38:31","date_gmt":"2013-03-15T02:38:31","guid":{"rendered":"http:\/\/catedracosgaya.com.ar\/tiponet\/?page_id=28"},"modified":"2013-03-15T02:38:31","modified_gmt":"2013-03-15T02:38:31","slug":"acerca-de-este-blog","status":"publish","type":"page","link":"https:\/\/www.catedracosgaya.com.ar\/tipoblog\/2016\/acerca-de-este-blog\/","title":{"rendered":"Acerca de este Blog"},"content":{"rendered":"<h3>\u00bfQu\u00e9 es Tipoblog?<\/h3>\n<p>Tipoblog es un blog que cuenta con contenido generado por estudiantes de la materia Tipograf\u00eda 2, C\u00e1tedra Cosgaya, de la Carrera de Dise\u00f1o Gr\u00e1fico de la FADU\/UBA. Es una herramienta de trabajo, complementaria al trabajo en taller, utilizada con fines did\u00e1cticos.<\/p>\n<h3>\u00bfC\u00f3mo surge?<\/h3>\n<p>Encontramos una vasta evidencia de que los estudiantes est\u00e1n creando y compartiendo todo tipo de contenido digital y disemin\u00e1ndolo v\u00eda internet. Incluso una vez graduados contin\u00faan produciendo contenidos como parte de su pr\u00e1ctica profesional. Identificamos esto y nos preguntamos c\u00f3mo podemos prepararlos, desde nuestro lugar, para que producir contenidos dentro de la disciplina o campo de especializaci\u00f3n profesional pueda ser tambi\u00e9n un objetivo de aprendizaje. Tambi\u00e9n nos preguntamos c\u00f3mo podemos capitalizar toda aquella informaci\u00f3n de inter\u00e9s general y tipogr\u00e1fico, que circula entre nosotros a partir de la intromisi\u00f3n de las redes sociales en la educaci\u00f3n y que se publica en nuestra p\u00e1gina de Facebook o en grupos de Facebook creados por los mismos alumnos.<br \/>\nComo respuesta a estas preguntas, y como ensayo de nuevas nuevas rutinas de aprendizaje-ense\u00f1anza, asentadas en la creaci\u00f3n colaborativa es que surge el proyecto de este Blog que hemos denominado Tipoblog.<\/p>\n<h3>\u00bfQu\u00e9 objetivos persigue este proyecto?<\/h3>\n<ul>\n<li>Generar un canal en el cual se re\u00fana informaci\u00f3n pertinente a la cursada\n<\/li>\n<li>Un canal que promueva el intercambio de informaci\u00f3n y la circulaci\u00f3n del conocimiento\n<\/li>\n<li>Fomentar la participaci\u00f3n de los alumnos y reforzar el concepto de \u201ccomunidad de aprendizaje\u201d\n<\/li>\n<li>Promover en los alumnos la importancia de una buena documentaci\u00f3n y el inter\u00e9s por investigar\n<\/li>\n<li>Estimular la b\u00fasqueda y la generaci\u00f3n de contenido\n<\/li>\n<li>Permitir a los alumnos familiarizarse con el vocabulario y las formas de razonamiento propias de nuestra disciplina y practicar la producci\u00f3n escrita\n<\/li>\n<li>Permitir a los alumnos vincular contenidos de otras \u00e1reas o disciplinas y poder trabajar sobre esas conexiones en la clase\n<\/li>\n<li>Tener presente la materia durante toda la semana: el taller funciona los viernes, pero se es dise\u00f1ador todos los d\u00edas.\n<\/li>\n<li>Contribuir a que los alumnos se conozcan mejor entre ellos y se fortalezcan los v\u00ednculos dentro de la comisi\u00f3n\n<\/li>\n<li>Incentivar a los estudiantes a involucrarse conscientemente en sus procesos de aprendizaje: a que busquen, cuestionen, construyan, argumenten, compartan.\n<\/li>\n<li>Permitir a los docentes explorar nuevos espacios y apropiarnos de ellos para la ense\u00f1anza-aprendizaje\n<\/li>\n<li>Contribuir a la alfabetizaci\u00f3n acad\u00e9mica de nuestros alumnos<\/li>\n<\/ul>\n<h3>\u00bfEn qu\u00e9 difiere este blog de la p\u00e1gina de C\u00e1tedra Cosgaya en Facebook?<\/h3>\n<p>Este blog concentrar\u00e1 informaci\u00f3n pertinente a la cursada y s\u00f3lo podr\u00e1n publicar contenido los alumnos del ciclo lectivo en curso, a diferencia del grupo de Facebook que es abierto y cualquiera puede publicar.<\/p>\n<h3>\u00bfY del sitio web de la C\u00e1tedra?<\/h3>\n<p>El sitio de la c\u00e1tedra re\u00fane informaci\u00f3n institucional, acad\u00e9mica y para la cursada. Es un sitio principalmente de consulta, en el cual los alumnos no participan de la generaci\u00f3n del contenido.<\/p>\n<h3>\u00bfQu\u00e9 esperamos de este espacio?<\/h3>\n<p>Esperamos que este Blog se constituya en un espacio para ver y compartir informaci\u00f3n, que sea \u00fatil a los alumnos para expresarse, intercambiar experiencias o fuentes de informaci\u00f3n, compartir materiales o recursos, saberes t\u00e9cnicos, hallazgos de internauta, referentes, an\u00e9cdotas, etc. y que nutra el trabajo del taller con informaci\u00f3n extracurricular a partir del intercambio y la participaci\u00f3n (los posts podr\u00edan debatirse en la clase y criticarse constructivamente por el resto de los compa\u00f1eros).<\/p>\n<p>Creemos que ser\u00e1 una buena oportunidad para relacionar el aprendizaje del aula con eventos y\/o producciones locales, nacionales o internacionales. Tambi\u00e9n para fomentar la lectura de autores y bibliograf\u00eda especializada.<\/p>\n<p>Esperamos que puedan coexistir en \u00e9l m\u00faltiples puntos de vista sobre un mismo tema: la Tipograf\u00eda, junto a una diversidad de temas afines y no tanto.<\/p>\n<p>Esperamos hacer una producci\u00f3n colaborativa \u2014como C\u00e1tedra\u2014 que exceda el \u00e1mbito de la cursada y que contribuya a la generaci\u00f3n del conocimiento. Puede pensarse tambi\u00e9n como una manera en que los estudiantes contribuyan con la \u201cComunidad Tipogr\u00e1fica\u201d y con la \u201cComunidad Acad\u00e9mica\u201d mientras aprenden acerca de temas acad\u00e9micos tradicionales.<\/p>\n","protected":false},"excerpt":{"rendered":"<p>\u00bfQu\u00e9 es Tipoblog? Tipoblog es un blog que cuenta con contenido generado por estudiantes de la materia Tipograf\u00eda 2, C\u00e1tedra Cosgaya, de la Carrera de Dise\u00f1o Gr\u00e1fico de la FADU\/UBA. Es una herramienta de trabajo, complementaria al trabajo en taller, utilizada con fines did\u00e1cticos. \u00bfC\u00f3mo surge? Encontramos una vasta evidencia de que los estudiantes est\u00e1n [&hellip;]<\/p>\n","protected":false},"author":1,"featured_media":0,"parent":0,"menu_order":0,"comment_status":"closed","ping_status":"closed","template":"","meta":{"jetpack_post_was_ever_published":false,"footnotes":""},"class_list":["post-28","page","type-page","status-publish","hentry"],"jetpack_shortlink":"https:\/\/wp.me\/P7yOIN-s","jetpack_sharing_enabled":true,"_links":{"self":[{"href":"https:\/\/www.catedracosgaya.com.ar\/tipoblog\/2016\/wp-json\/wp\/v2\/pages\/28","targetHints":{"allow":["GET"]}}],"collection":[{"href":"https:\/\/www.catedracosgaya.com.ar\/tipoblog\/2016\/wp-json\/wp\/v2\/pages"}],"about":[{"href":"https:\/\/www.catedracosgaya.com.ar\/tipoblog\/2016\/wp-json\/wp\/v2\/types\/page"}],"author":[{"embeddable":true,"href":"https:\/\/www.catedracosgaya.com.ar\/tipoblog\/2016\/wp-json\/wp\/v2\/users\/1"}],"replies":[{"embeddable":true,"href":"https:\/\/www.catedracosgaya.com.ar\/tipoblog\/2016\/wp-json\/wp\/v2\/comments?post=28"}],"version-history":[{"count":0,"href":"https:\/\/www.catedracosgaya.com.ar\/tipoblog\/2016\/wp-json\/wp\/v2\/pages\/28\/revisions"}],"wp:attachment":[{"href":"https:\/\/www.catedracosgaya.com.ar\/tipoblog\/2016\/wp-json\/wp\/v2\/media?parent=28"}],"curies":[{"name":"wp","href":"https:\/\/api.w.org\/{rel}","templated":true}]}}