{"id":203,"date":"2013-04-17T05:00:56","date_gmt":"2013-04-17T05:00:56","guid":{"rendered":"http:\/\/www.catedracosgaya.com.ar\/tipoblog\/2013\/2013\/2013\/?page_id=203"},"modified":"2013-04-17T05:00:56","modified_gmt":"2013-04-17T05:00:56","slug":"sugerencias","status":"publish","type":"page","link":"https:\/\/www.catedracosgaya.com.ar\/tipoblog\/2015\/sugerencias\/","title":{"rendered":"Sugerencias"},"content":{"rendered":"<ul>\n<li>Prepar\u00e1 el post con cierta anticipaci\u00f3n, sobretodo si no est\u00e1s familiarizado\/a con el sistema de publicaci\u00f3n<\/li>\n<li>Consult\u00e1 lo que vayan publicando tus compa\u00f1eros para no repetir informaci\u00f3n<\/li>\n<li>Eleg\u00ed un buen t\u00edtulo, que llame la atenci\u00f3n y motive a la lectura<\/li>\n<li>Puede ser \u00fatil que elabores una breve introducci\u00f3n<\/li>\n<li>El contenido principal es el elemento central del post. Suele ser frecuente en este tipo de publicaciones utilizar una l\u00ednea en blanco como separaci\u00f3n entre p\u00e1rrafos, sin sangr\u00eda<\/li>\n<li>Si el art\u00edculo es extenso, ser\u00e1 \u00fatil la inclusi\u00f3n de subt\u00edtulos que ayuden al lector a hacer un escaneo inicial del post para entender en menos de 1 segundo de qu\u00e9 trata<\/li>\n<li>Pod\u00e9s incluir referencias a enlaces externos que brinden informaci\u00f3n adicional<\/li>\n<li>Al citar la fuente, no olvides colocar el enlace al sitio de origen<\/li>\n<li>Independientemente de si el contenido central es un video o s\u00f3lo texto, deber\u00e1s elegir o crear una foto atractiva que haga referencia al contenido, para utilizar como imagen destacada. Esta imagen ser\u00e1 la puerta de entrada a tu post en el Blog <\/li>\n<li>Resume el post en el extracto, destacando algunos puntos importantes<\/li>\n<li>Tild\u00e1 la comisi\u00f3n a la que perteneces<\/li>\n<li>Tild\u00e1 la categor\u00eda (nombre del TP) correspondiente y destild\u00e1 la opci\u00f3n \u00abSin Categor\u00eda\u00bb<\/li>\n<li>Asigna a tu post las palabras clave (etiquetas) que consideres relevantes<\/li>\n<li>Antes de publicar, revis\u00e1 la ortograf\u00eda y la redacci\u00f3n. Us\u00e1 un corrector ortogr\u00e1fico si es necesario<\/li>\n<li>Una vez que hayas publicado, verific\u00e1 que tu post aparezca en la p\u00e1gina de inicio del Blog y en la categor\u00eda correspondiente<\/li>\n<li>Finalmente, te invitamos a que compartas tu post en las redes sociales<\/li>\n<\/ul>\n","protected":false},"excerpt":{"rendered":"<p>Prepar\u00e1 el post con cierta anticipaci\u00f3n, sobretodo si no est\u00e1s familiarizado\/a con el sistema de publicaci\u00f3n Consult\u00e1 lo que vayan publicando tus compa\u00f1eros para no repetir informaci\u00f3n Eleg\u00ed un buen t\u00edtulo, que llame la atenci\u00f3n [&hellip;]<\/p>\n","protected":false},"author":1,"featured_media":0,"parent":0,"menu_order":0,"comment_status":"closed","ping_status":"closed","template":"","meta":{"jetpack_post_was_ever_published":false,"footnotes":""},"class_list":["post-203","page","type-page","status-publish","hentry"],"jetpack_sharing_enabled":true,"jetpack_shortlink":"https:\/\/wp.me\/P6gfAF-3h","_links":{"self":[{"href":"https:\/\/www.catedracosgaya.com.ar\/tipoblog\/2015\/wp-json\/wp\/v2\/pages\/203","targetHints":{"allow":["GET"]}}],"collection":[{"href":"https:\/\/www.catedracosgaya.com.ar\/tipoblog\/2015\/wp-json\/wp\/v2\/pages"}],"about":[{"href":"https:\/\/www.catedracosgaya.com.ar\/tipoblog\/2015\/wp-json\/wp\/v2\/types\/page"}],"author":[{"embeddable":true,"href":"https:\/\/www.catedracosgaya.com.ar\/tipoblog\/2015\/wp-json\/wp\/v2\/users\/1"}],"replies":[{"embeddable":true,"href":"https:\/\/www.catedracosgaya.com.ar\/tipoblog\/2015\/wp-json\/wp\/v2\/comments?post=203"}],"version-history":[{"count":0,"href":"https:\/\/www.catedracosgaya.com.ar\/tipoblog\/2015\/wp-json\/wp\/v2\/pages\/203\/revisions"}],"wp:attachment":[{"href":"https:\/\/www.catedracosgaya.com.ar\/tipoblog\/2015\/wp-json\/wp\/v2\/media?parent=203"}],"curies":[{"name":"wp","href":"https:\/\/api.w.org\/{rel}","templated":true}]}}